{"id":264,"date":"2020-09-11T23:12:56","date_gmt":"2020-09-12T02:12:56","guid":{"rendered":"https:\/\/escolaparaisoinfantil.000webhostapp.com\/?page_id=264"},"modified":"2022-08-22T17:03:14","modified_gmt":"2022-08-22T20:03:14","slug":"quem-somos","status":"publish","type":"page","link":"https:\/\/escolaparaisoinfantil.com.br\/?page_id=264","title":{"rendered":"QUEM SOMOS"},"content":{"rendered":"\n<section class=\"wp-block-uagb-section uagb-section__wrap uagb-section__background-undefined uagb-block-5da5ee8e\"><div class=\"uagb-section__overlay\"><\/div><div class=\"uagb-section__inner-wrap\">\n<h1 class=\"has-text-align-center wp-block-heading\" style=\"font-size:75px\"><strong><em>HIST\u00d3RIA<\/em><\/strong><\/h1>\n<\/div><\/section>\n\n\n\n<section class=\"wp-block-uagb-section uagb-section__wrap uagb-section__background-undefined uagb-block-e6a3d605 texto-justificado\"><div class=\"uagb-section__overlay\"><\/div><div class=\"uagb-section__inner-wrap\">\n<div class=\"wp-block-columns is-layout-flex wp-container-core-columns-is-layout-28f84493 wp-block-columns-is-layout-flex\">\n<div class=\"wp-block-column texto-justificado is-layout-flow wp-block-column-is-layout-flow\" style=\"flex-basis:60%\">\n<p>Era uma vez no ano de 1988, uma professora rec\u00e9m-formada com muita \u201csede\u201d de ensinar e, ao mesmo tempo, sede de aprender! N\u00e3o tinha um local. N\u00e3o tinha alunos, mas tinha vontade de acertar. Sob o sol e a chuva, ela reservou parte do seu dia para dar \u201caulas\u201d e alfabetizar crian\u00e7as que frequentavam um clube pr\u00f3ximo a sua casa. Nas mesinhas deste clube, ela conseguiu seus primeiros alunos. Para o sossego das mam\u00e3es, essa professora come\u00e7ou a dedicar-se al\u00e9m das tarefas, j\u00e1 que observou que a crian\u00e7a n\u00e3o trazia consigo s\u00f3 as d\u00favidas da tarefa escolar e sim ang\u00fastias, alegrias, medos, surpresas&#8230;<\/p>\n\n\n\n<p>O mundo da crian\u00e7a ia muito al\u00e9m daquelas \u201caulas\u201d. Essa professora resolveu estudar mais sobre o comportamento infantil. Estudou Psicologia, Letras, Psicopedagogia,&nbsp; Administra\u00e7\u00e3o Escolar e Orienta\u00e7\u00e3o Educacional.                   <\/p>\n\n\n\n<p>Ao mesmo tempo, as mesinhas no sol e na chuva \u201cganharam\u201d um abrigo pelas m\u00e3os do respeit\u00e1vel e admir\u00e1vel Presidente e amigo Dr. Waldir Gyannetti, que deu o chute inicial para o surgimento da escola: Empresa PARA\u00cdSO INFANTIL. N\u00e3o havia nome melhor, afinal o SOSSEGO da mam\u00e3e era um PARA\u00cdSO para nossas crian\u00e7as que aliavam o estudo \u00e0s brincadeiras e lazer.<\/p>\n\n\n\n<p>\u201cTudo acontece para quem batalha\u201d e com essa professora, isso foi ao p\u00e9 da letra. Foram vit\u00f3rias, momentos de luta, alegrias, persist\u00eancia, choro, dificuldades e muitas pedras. Essas pedras foram transformadas em caminhada de estudos, dedica\u00e7\u00e3o e garra. Sempre com uma equipe maravilhosa guiada por PAPAI DO C\u00c9U, surgiu ent\u00e3o a PARA\u00cdSO INFANTIL, oficialmente!<\/p>\n\n\n\n<p>Em 2008, a Para\u00edso Infantil ampliou sua estrutura f\u00edsica e atendendo a pedidos de pais (ex &#8211; alunos) abriu o Espa\u00e7o Fraldinha, que atende crian\u00e7as de 01 a 05 anos.<\/p>\n\n\n\n<p>E no complemento \u00e0 Escola,&nbsp; atendemos crian\u00e7as de 06 a 12 anos! Conhe\u00e7am o nosso trabalho com propostas diferenciadas para cada faixa et\u00e1ria.<\/p>\n\n\n\n<p>Hoje, em 2020, nossa \u201cescola\u201d tem uma proposta pedag\u00f3gica diferenciada: A crian\u00e7a aprende brincando! Acreditamos que a aprendizagem acontece paralela ao equil\u00edbrio s\u00f3cio emocional. A autoestima e a afetividade s\u00e3o nossas \u201ct\u00e9cnicas\u201d e metodologias; pois o ser humano \u00e9 \u00fanico e deve ser respeitado em suas diferen\u00e7as.<\/p>\n\n\n\n<p><\/p>\n\n\n\n<p><\/p>\n<\/div>\n\n\n\n<div class=\"wp-block-column is-layout-flow wp-block-column-is-layout-flow\" style=\"flex-basis:33.33%\">\n<div style=\"height:1px\" aria-hidden=\"true\" class=\"wp-block-spacer\"><\/div>\n\n\n\n<figure class=\"wp-block-image aligncenter size-large is-resized\"><img loading=\"lazy\" decoding=\"async\" src=\"https:\/\/escolaparaisoinfantil.com.br\/wp-content\/uploads\/2020\/09\/VAL.jpg\" alt=\"\" class=\"wp-image-1526\" width=\"279\" height=\"169\" srcset=\"https:\/\/escolaparaisoinfantil.com.br\/wp-content\/uploads\/2020\/09\/VAL.jpg 340w, https:\/\/escolaparaisoinfantil.com.br\/wp-content\/uploads\/2020\/09\/VAL-300x182.jpg 300w\" sizes=\"auto, (max-width: 279px) 100vw, 279px\" \/><figcaption>VALDIRENE BRITO, 1999<\/figcaption><\/figure>\n\n\n\n<div style=\"height:56px\" aria-hidden=\"true\" class=\"wp-block-spacer\"><\/div>\n\n\n\n<figure class=\"wp-block-image aligncenter size-large\"><img loading=\"lazy\" decoding=\"async\" width=\"340\" height=\"254\" src=\"https:\/\/escolaparaisoinfantil.com.br\/wp-content\/uploads\/2020\/09\/FACHADA_20PREDIO.jpg\" alt=\"\" class=\"wp-image-1527\" srcset=\"https:\/\/escolaparaisoinfantil.com.br\/wp-content\/uploads\/2020\/09\/FACHADA_20PREDIO.jpg 340w, https:\/\/escolaparaisoinfantil.com.br\/wp-content\/uploads\/2020\/09\/FACHADA_20PREDIO-300x224.jpg 300w\" sizes=\"auto, (max-width: 340px) 100vw, 340px\" \/><figcaption>PARA\u00cdSO INFANTIL<\/figcaption><\/figure>\n\n\n\n<div style=\"height:56px\" aria-hidden=\"true\" class=\"wp-block-spacer\"><\/div>\n\n\n\n<figure class=\"wp-block-image size-large\"><img loading=\"lazy\" decoding=\"async\" width=\"1024\" height=\"768\" src=\"https:\/\/escolaparaisoinfantil.com.br\/wp-content\/uploads\/2021\/03\/WhatsApp-Image-2021-03-23-at-12.53.38-1024x768.jpeg\" alt=\"\" class=\"wp-image-2996\" srcset=\"https:\/\/escolaparaisoinfantil.com.br\/wp-content\/uploads\/2021\/03\/WhatsApp-Image-2021-03-23-at-12.53.38-1024x768.jpeg 1024w, https:\/\/escolaparaisoinfantil.com.br\/wp-content\/uploads\/2021\/03\/WhatsApp-Image-2021-03-23-at-12.53.38-300x225.jpeg 300w, https:\/\/escolaparaisoinfantil.com.br\/wp-content\/uploads\/2021\/03\/WhatsApp-Image-2021-03-23-at-12.53.38-768x576.jpeg 768w, https:\/\/escolaparaisoinfantil.com.br\/wp-content\/uploads\/2021\/03\/WhatsApp-Image-2021-03-23-at-12.53.38.jpeg 1280w\" sizes=\"auto, (max-width: 1024px) 100vw, 1024px\" \/><figcaption>EM PLENA PANDEMIA, 22 ANOS DEPOIS<\/figcaption><\/figure>\n\n\n\n<p><\/p>\n<\/div>\n<\/div>\n<\/div><\/section>\n\n\n\n<section class=\"wp-block-uagb-section uagb-section__wrap uagb-section__background-undefined uagb-block-9869ba5b\"><div class=\"uagb-section__overlay\"><\/div><div class=\"uagb-section__inner-wrap\">\n<h1 class=\"has-text-align-center has-huge-font-size wp-block-heading\"><strong><em>PARCEIROS<\/em><\/strong><\/h1>\n<\/div><\/section>\n\n\n\n<section class=\"wp-block-uagb-section uagb-section__wrap uagb-section__background-undefined uagb-block-53c6ee06\"><div class=\"uagb-section__overlay\"><\/div><div class=\"uagb-section__inner-wrap\">\n<figure class=\"wp-block-gallery aligncenter has-nested-images columns-7 wp-block-gallery-1 is-layout-flex wp-block-gallery-is-layout-flex\">\n<figure class=\"wp-block-image size-large\"><img loading=\"lazy\" decoding=\"async\" width=\"100\" height=\"100\" data-id=\"1865\" src=\"http:\/\/escolaparaisoinfantil.com.br\/wp-content\/uploads\/2020\/09\/63636-2.png\" alt=\"\" class=\"wp-image-1865\"\/><\/figure>\n\n\n\n<figure class=\"wp-block-image size-large\"><img loading=\"lazy\" decoding=\"async\" width=\"161\" height=\"100\" data-id=\"1867\" src=\"http:\/\/escolaparaisoinfantil.com.br\/wp-content\/uploads\/2020\/09\/Logo_20Jud_C3_B4-1.jpg\" alt=\"\" class=\"wp-image-1867\"\/><\/figure>\n\n\n\n<figure class=\"wp-block-image size-large\"><img loading=\"lazy\" decoding=\"async\" width=\"100\" height=\"100\" data-id=\"1878\" src=\"http:\/\/escolaparaisoinfantil.com.br\/wp-content\/uploads\/2020\/09\/livre-2.png\" alt=\"\" class=\"wp-image-1878\"\/><\/figure>\n\n\n\n<figure class=\"wp-block-image size-large\"><img loading=\"lazy\" decoding=\"async\" width=\"213\" height=\"100\" data-id=\"2247\" src=\"http:\/\/escolaparaisoinfantil.com.br\/wp-content\/uploads\/2020\/10\/wa_import40.jpg\" alt=\"\" class=\"wp-image-2247\"\/><\/figure>\n<\/figure>\n<\/div><\/section>\n","protected":false},"excerpt":{"rendered":"","protected":false},"author":1,"featured_media":0,"parent":0,"menu_order":0,"comment_status":"closed","ping_status":"closed","template":"","meta":{"_uag_custom_page_level_css":"","site-sidebar-layout":"default","site-content-layout":"plain-container","ast-site-content-layout":"","site-content-style":"default","site-sidebar-style":"default","ast-global-header-display":"","ast-banner-title-visibility":"","ast-main-header-display":"","ast-hfb-above-header-display":"","ast-hfb-below-header-display":"","ast-hfb-mobile-header-display":"","site-post-title":"disabled","ast-breadcrumbs-content":"","ast-featured-img":"","footer-sml-layout":"","theme-transparent-header-meta":"default","adv-header-id-meta":"","stick-header-meta":"","header-above-stick-meta":"","header-main-stick-meta":"","header-below-stick-meta":"","astra-migrate-meta-layouts":"default","ast-page-background-enabled":"default","ast-page-background-meta":{"desktop":{"background-color":"","background-image":"","background-repeat":"repeat","background-position":"center center","background-size":"auto","background-attachment":"scroll","background-type":"","background-media":"","overlay-type":"","overlay-color":"","overlay-gradient":""},"tablet":{"background-color":"","background-image":"","background-repeat":"repeat","background-position":"center center","background-size":"auto","background-attachment":"scroll","background-type":"","background-media":"","overlay-type":"","overlay-color":"","overlay-gradient":""},"mobile":{"background-color":"","background-image":"","background-repeat":"repeat","background-position":"center center","background-size":"auto","background-attachment":"scroll","background-type":"","background-media":"","overlay-type":"","overlay-color":"","overlay-gradient":""}},"ast-content-background-meta":{"desktop":{"background-color":"var(--ast-global-color-5)","background-image":"","background-repeat":"repeat","background-position":"center center","background-size":"auto","background-attachment":"scroll","background-type":"","background-media":"","overlay-type":"","overlay-color":"","overlay-gradient":""},"tablet":{"background-color":"var(--ast-global-color-5)","background-image":"","background-repeat":"repeat","background-position":"center center","background-size":"auto","background-attachment":"scroll","background-type":"","background-media":"","overlay-type":"","overlay-color":"","overlay-gradient":""},"mobile":{"background-color":"var(--ast-global-color-5)","background-image":"","background-repeat":"repeat","background-position":"center center","background-size":"auto","background-attachment":"scroll","background-type":"","background-media":"","overlay-type":"","overlay-color":"","overlay-gradient":""}},"footnotes":""},"class_list":["post-264","page","type-page","status-publish","hentry"],"uagb_featured_image_src":{"full":false,"thumbnail":false,"medium":false,"medium_large":false,"large":false,"1536x1536":false,"2048x2048":false},"uagb_author_info":{"display_name":false,"author_link":"https:\/\/escolaparaisoinfantil.com.br\/?author=1"},"uagb_comment_info":0,"uagb_excerpt":null,"_links":{"self":[{"href":"https:\/\/escolaparaisoinfantil.com.br\/index.php?rest_route=\/wp\/v2\/pages\/264","targetHints":{"allow":["GET"]}}],"collection":[{"href":"https:\/\/escolaparaisoinfantil.com.br\/index.php?rest_route=\/wp\/v2\/pages"}],"about":[{"href":"https:\/\/escolaparaisoinfantil.com.br\/index.php?rest_route=\/wp\/v2\/types\/page"}],"author":[{"embeddable":true,"href":"https:\/\/escolaparaisoinfantil.com.br\/index.php?rest_route=\/wp\/v2\/users\/1"}],"replies":[{"embeddable":true,"href":"https:\/\/escolaparaisoinfantil.com.br\/index.php?rest_route=%2Fwp%2Fv2%2Fcomments&post=264"}],"version-history":[{"count":137,"href":"https:\/\/escolaparaisoinfantil.com.br\/index.php?rest_route=\/wp\/v2\/pages\/264\/revisions"}],"predecessor-version":[{"id":3511,"href":"https:\/\/escolaparaisoinfantil.com.br\/index.php?rest_route=\/wp\/v2\/pages\/264\/revisions\/3511"}],"wp:attachment":[{"href":"https:\/\/escolaparaisoinfantil.com.br\/index.php?rest_route=%2Fwp%2Fv2%2Fmedia&parent=264"}],"curies":[{"name":"wp","href":"https:\/\/api.w.org\/{rel}","templated":true}]}}