{"id":1248,"date":"2020-09-17T12:05:16","date_gmt":"2020-09-17T15:05:16","guid":{"rendered":"http:\/\/escolaparaisoinfantil.com.br\/?page_id=1248"},"modified":"2020-09-30T14:16:31","modified_gmt":"2020-09-30T17:16:31","slug":"contatos","status":"publish","type":"page","link":"https:\/\/escolaparaisoinfantil.com.br\/?page_id=1248","title":{"rendered":"CONTATOS"},"content":{"rendered":"\n<section class=\"wp-block-uagb-section uagb-section__wrap uagb-section__background-undefined uagb-block-94c28364\"><div class=\"uagb-section__overlay\"><\/div><div class=\"uagb-section__inner-wrap\">\n<h1 class=\"has-text-align-center wp-block-heading\">CONTATOS<\/h1>\n<\/div><\/section>\n\n\n\n<div class=\"wp-block-columns is-layout-flex wp-container-core-columns-is-layout-28f84493 wp-block-columns-is-layout-flex\">\n<div class=\"wp-block-column is-layout-flow wp-block-column-is-layout-flow\">\n<section class=\"wp-block-uagb-section uagb-section__wrap uagb-section__background-undefined uagb-block-832b767c\"><div class=\"uagb-section__overlay\"><\/div><div class=\"uagb-section__inner-wrap\">\n<h2 class=\"has-text-align-center wp-block-heading\">TELEFONES<\/h2>\n\n\n\n<div class=\"wp-block-image\"><figure class=\"aligncenter size-large\"><img loading=\"lazy\" decoding=\"async\" width=\"600\" height=\"200\" src=\"http:\/\/escolaparaisoinfantil.com.br\/wp-content\/uploads\/2020\/09\/contato.png\" alt=\"\" class=\"wp-image-2152\" srcset=\"https:\/\/escolaparaisoinfantil.com.br\/wp-content\/uploads\/2020\/09\/contato.png 600w, https:\/\/escolaparaisoinfantil.com.br\/wp-content\/uploads\/2020\/09\/contato-300x100.png 300w\" sizes=\"auto, (max-width: 600px) 100vw, 600px\" \/><\/figure><\/div>\n<\/div><\/section>\n<\/div>\n\n\n\n<div class=\"wp-block-column is-layout-flow wp-block-column-is-layout-flow\">\n<section class=\"wp-block-uagb-section uagb-section__wrap uagb-section__background-undefined uagb-block-80cc9901\"><div class=\"uagb-section__overlay\"><\/div><div class=\"uagb-section__inner-wrap\">\n<h2 class=\"has-text-align-center wp-block-heading\">REDES SOCIAIS<\/h2>\n\n\n\n<div style=\"height:20px\" aria-hidden=\"true\" class=\"wp-block-spacer\"><\/div>\n\n\n\n<section class=\"wp-block-uagb-section uagb-section__wrap uagb-section__background-undefined uagb-block-368e613b\"><div class=\"uagb-section__overlay\"><\/div><div class=\"uagb-section__inner-wrap\">\n<div class=\"wp-block-columns alignfull is-layout-flex wp-container-core-columns-is-layout-28f84493 wp-block-columns-is-layout-flex\">\n<div class=\"wp-block-column is-layout-flow wp-block-column-is-layout-flow\">\n<div class=\"wp-block-image\"><figure class=\"aligncenter size-large\"><a href=\"https:\/\/www.facebook.com\/paraisoinfantildf\"><img loading=\"lazy\" decoding=\"async\" width=\"100\" height=\"100\" src=\"http:\/\/escolaparaisoinfantil.com.br\/wp-content\/uploads\/2020\/09\/facebook-loho.png\" alt=\"\" class=\"wp-image-2087\"\/><\/a><\/figure><\/div>\n<\/div>\n\n\n\n<div class=\"wp-block-column is-layout-flow wp-block-column-is-layout-flow\">\n<div class=\"wp-block-image\"><figure class=\"aligncenter size-large\"><a href=\"https:\/\/www.instagram.com\/paraisoinfantil.fraldinha\/?hl=pt-br\"><img loading=\"lazy\" decoding=\"async\" width=\"100\" height=\"100\" src=\"https:\/\/escolaparaisoinfantil.com.br\/wp-content\/uploads\/2020\/09\/insta-logo.png\" alt=\"\" class=\"wp-image-2088\"\/><\/a><\/figure><\/div>\n<\/div>\n\n\n\n<div class=\"wp-block-column is-layout-flow wp-block-column-is-layout-flow\">\n<div class=\"wp-block-image\"><figure class=\"aligncenter size-large\"><a href=\"https:\/\/wa.me\/5561991563488?text=Ol%C3%A1!\"><img loading=\"lazy\" decoding=\"async\" width=\"100\" height=\"100\" src=\"https:\/\/escolaparaisoinfantil.com.br\/wp-content\/uploads\/2020\/09\/whats-logo.png\" alt=\"\" class=\"wp-image-2090\"\/><\/a><\/figure><\/div>\n<\/div>\n<\/div>\n<\/div><\/section>\n<\/div><\/section>\n<\/div>\n<\/div>\n\n\n\n<section class=\"wp-block-uagb-section uagb-section__wrap uagb-section__background-undefined uagb-block-5aa52823\"><div class=\"uagb-section__overlay\"><\/div><div class=\"uagb-section__inner-wrap\">\n<h1 class=\"has-text-align-center wp-block-heading\">LOCALIZA\u00c7\u00c3O<\/h1>\n\n\n\n<p class=\"has-text-align-center\">SEPS 712\/912 CONJ. C ASA SUL &#8211; BRAS\u00cdLIA\/DF CLUBE DO PREVI CEP: 70390-125<\/p>\n\n\n\n<iframe loading=\"lazy\" src=\"https:\/\/www.google.com\/maps\/embed?pb=!1m14!1m8!1m3!1d61419.99509607904!2d-47.918485!3d-15.817147!3m2!1i1024!2i768!4f13.1!3m3!1m2!1s0x0%3A0x3af8f787b37b3738!2sPara%C3%ADso%20Infantil!5e0!3m2!1spt-BR!2sbr!4v1599781018925!5m2!1spt-BR!2sbr\" width=\"4000\" height=\"300\" frameborder=\"0\" style=\"border:0;\" allowfullscreen=\"\" aria-hidden=\"false\" tabindex=\"0\"><\/iframe>\n<\/div><\/section>\n\n\n\n<section class=\"wp-block-uagb-section uagb-section__wrap uagb-section__background-undefined uagb-block-0a0b296f\"><div class=\"uagb-section__overlay\"><\/div><div class=\"uagb-section__inner-wrap\">\n<div class=\"wp-block-image\"><figure class=\"aligncenter size-large is-resized\"><img loading=\"lazy\" decoding=\"async\" src=\"https:\/\/escolaparaisoinfantil.com.br\/wp-content\/uploads\/2020\/09\/faleConosco-1.png\" alt=\"\" class=\"wp-image-2005\" width=\"276\" height=\"43\"\/><figcaption>Cr\u00edticas, d\u00favidas, elogios e\/ou sugest\u00f5es<\/figcaption><\/figure><\/div>\n\n\n<div class=\"wpforms-container wpforms-container-full wpforms-block\" id=\"wpforms-2001\"><form id=\"wpforms-form-2001\" class=\"wpforms-validate wpforms-form\" data-formid=\"2001\" method=\"post\" enctype=\"multipart\/form-data\" action=\"\/index.php?rest_route=%2Fwp%2Fv2%2Fpages%2F1248\" data-token=\"3a25d86e2774f44a3b8007ae5c661445\" data-token-time=\"1778241007\"><noscript class=\"wpforms-error-noscript\">Ative o JavaScript no seu navegador para preencher este formul\u00e1rio.<\/noscript><div class=\"wpforms-field-container\"><div id=\"wpforms-2001-field_0-container\" class=\"wpforms-field wpforms-field-name\" data-field-id=\"0\"><label class=\"wpforms-field-label\" for=\"wpforms-2001-field_0\">Nome Completo <span class=\"wpforms-required-label\">*<\/span><\/label><input type=\"text\" id=\"wpforms-2001-field_0\" class=\"wpforms-field-large wpforms-field-required\" name=\"wpforms[fields][0]\" required><\/div><div id=\"wpforms-2001-field_11-container\" class=\"wpforms-field wpforms-field-name\" data-field-id=\"11\"><label class=\"wpforms-field-label\" for=\"wpforms-2001-field_11\">Nome do aluno(a)<\/label><input type=\"text\" id=\"wpforms-2001-field_11\" class=\"wpforms-field-large\" name=\"wpforms[fields][11]\" ><\/div><div id=\"wpforms-2001-field_1-container\" class=\"wpforms-field wpforms-field-email\" data-field-id=\"1\"><label class=\"wpforms-field-label\" for=\"wpforms-2001-field_1\">E-mail <span class=\"wpforms-required-label\">*<\/span><\/label><input type=\"email\" id=\"wpforms-2001-field_1\" class=\"wpforms-field-large wpforms-field-required\" name=\"wpforms[fields][1]\" spellcheck=\"false\" required><div class=\"wpforms-field-description\">Digite seu e-mail, para que possamos continuar com voc\u00ea.<\/div><\/div><div id=\"wpforms-2001-field_7-container\" class=\"wpforms-field wpforms-field-text\" data-field-id=\"7\"><label class=\"wpforms-field-label\" for=\"wpforms-2001-field_7\">Telefone <span class=\"wpforms-required-label\">*<\/span><\/label><input type=\"text\" id=\"wpforms-2001-field_7\" class=\"wpforms-field-large wpforms-field-required wpforms-masked-input\" data-rule-inputmask-incomplete=\"1\" data-inputmask-mask=\"(99) 99999999[9]\" name=\"wpforms[fields][7]\" required><\/div><div id=\"wpforms-2001-field_9-container\" class=\"wpforms-field wpforms-field-radio\" data-field-id=\"9\"><label class=\"wpforms-field-label\">Escolha umas das op\u00e7\u00f5es <span class=\"wpforms-required-label\">*<\/span><\/label><ul id=\"wpforms-2001-field_9\" class=\"wpforms-field-required\"><li class=\"choice-1 depth-1\"><input type=\"radio\" id=\"wpforms-2001-field_9_1\" name=\"wpforms[fields][9]\" value=\"Espa\u00e7o Fraldinha\" required ><label class=\"wpforms-field-label-inline\" for=\"wpforms-2001-field_9_1\">Espa\u00e7o Fraldinha<\/label><\/li><li class=\"choice-2 depth-1\"><input type=\"radio\" id=\"wpforms-2001-field_9_2\" name=\"wpforms[fields][9]\" value=\"Para\u00edso em Casa\" required ><label class=\"wpforms-field-label-inline\" for=\"wpforms-2001-field_9_2\">Para\u00edso em Casa<\/label><\/li><li class=\"choice-3 depth-1\"><input type=\"radio\" id=\"wpforms-2001-field_9_3\" name=\"wpforms[fields][9]\" value=\"Acompanhamento Escolar\" required ><label class=\"wpforms-field-label-inline\" for=\"wpforms-2001-field_9_3\">Acompanhamento Escolar<\/label><\/li><\/ul><\/div><div id=\"wpforms-2001-field_10-container\" class=\"wpforms-field wpforms-field-radio\" data-field-id=\"10\"><label class=\"wpforms-field-label\">Escolha uma das op\u00e7\u00f5es <span class=\"wpforms-required-label\">*<\/span><\/label><ul id=\"wpforms-2001-field_10\" class=\"wpforms-field-required\"><li class=\"choice-3 depth-1\"><input type=\"radio\" id=\"wpforms-2001-field_10_3\" name=\"wpforms[fields][10]\" value=\"Elogios\" required ><label class=\"wpforms-field-label-inline\" for=\"wpforms-2001-field_10_3\">Elogios<\/label><\/li><li class=\"choice-2 depth-1\"><input type=\"radio\" id=\"wpforms-2001-field_10_2\" name=\"wpforms[fields][10]\" value=\"D\u00favidas\" required ><label class=\"wpforms-field-label-inline\" for=\"wpforms-2001-field_10_2\">D\u00favidas<\/label><\/li><li class=\"choice-4 depth-1\"><input type=\"radio\" id=\"wpforms-2001-field_10_4\" name=\"wpforms[fields][10]\" value=\"Sugest\u00f5es\" required ><label class=\"wpforms-field-label-inline\" for=\"wpforms-2001-field_10_4\">Sugest\u00f5es<\/label><\/li><li class=\"choice-1 depth-1\"><input type=\"radio\" id=\"wpforms-2001-field_10_1\" name=\"wpforms[fields][10]\" value=\"Cr\u00edticas\" required ><label class=\"wpforms-field-label-inline\" for=\"wpforms-2001-field_10_1\">Cr\u00edticas<\/label><\/li><li class=\"choice-5 depth-1\"><input type=\"radio\" id=\"wpforms-2001-field_10_5\" name=\"wpforms[fields][10]\" value=\"Outros\" required ><label class=\"wpforms-field-label-inline\" for=\"wpforms-2001-field_10_5\">Outros<\/label><\/li><\/ul><\/div><div id=\"wpforms-2001-field_4-container\" class=\"wpforms-field wpforms-field-textarea\" data-field-id=\"4\"><label class=\"wpforms-field-label\" for=\"wpforms-2001-field_4\">Mensagem <span class=\"wpforms-required-label\">*<\/span><\/label><textarea id=\"wpforms-2001-field_4\" class=\"wpforms-field-medium wpforms-field-required\" name=\"wpforms[fields][4]\" required><\/textarea><\/div><\/div><!-- .wpforms-field-container --><div class=\"wpforms-submit-container\" ><input type=\"hidden\" name=\"wpforms[id]\" value=\"2001\"><input type=\"hidden\" name=\"page_title\" value=\"\"><input type=\"hidden\" name=\"page_url\" value=\"https:\/\/escolaparaisoinfantil.com.br\/index.php?rest_route=\/wp\/v2\/pages\/1248\"><input type=\"hidden\" name=\"url_referer\" value=\"\"><button type=\"submit\" name=\"wpforms[submit]\" id=\"wpforms-submit-2001\" class=\"wpforms-submit\" data-alt-text=\"Enviando...\" data-submit-text=\"Enviar\" aria-live=\"assertive\" value=\"wpforms-submit\">Enviar<\/button><\/div><\/form><\/div>  <!-- .wpforms-container -->\n\n\n<p class=\"has-text-align-center has-medium-font-size\"><em><strong>Suas considera\u00e7\u00f5es que elevam nossa qualidade e excel\u00eancia.<\/strong><\/em><\/p>\n<\/div><\/section>\n\n\n\n<section class=\"wp-block-uagb-section uagb-section__wrap uagb-section__background-undefined uagb-block-d6b67a3d\"><div class=\"uagb-section__overlay\"><\/div><div class=\"uagb-section__inner-wrap\"><\/div><\/section>\n","protected":false},"excerpt":{"rendered":"","protected":false},"author":1,"featured_media":0,"parent":0,"menu_order":0,"comment_status":"closed","ping_status":"closed","template":"","meta":{"_uag_custom_page_level_css":"","site-sidebar-layout":"default","site-content-layout":"plain-container","ast-site-content-layout":"","site-content-style":"default","site-sidebar-style":"default","ast-global-header-display":"","ast-banner-title-visibility":"","ast-main-header-display":"","ast-hfb-above-header-display":"","ast-hfb-below-header-display":"","ast-hfb-mobile-header-display":"","site-post-title":"disabled","ast-breadcrumbs-content":"disabled","ast-featured-img":"","footer-sml-layout":"","theme-transparent-header-meta":"default","adv-header-id-meta":"","stick-header-meta":"","header-above-stick-meta":"","header-main-stick-meta":"","header-below-stick-meta":"","astra-migrate-meta-layouts":"default","ast-page-background-enabled":"default","ast-page-background-meta":{"desktop":{"background-color":"","background-image":"","background-repeat":"repeat","background-position":"center center","background-size":"auto","background-attachment":"scroll","background-type":"","background-media":"","overlay-type":"","overlay-color":"","overlay-gradient":""},"tablet":{"background-color":"","background-image":"","background-repeat":"repeat","background-position":"center center","background-size":"auto","background-attachment":"scroll","background-type":"","background-media":"","overlay-type":"","overlay-color":"","overlay-gradient":""},"mobile":{"background-color":"","background-image":"","background-repeat":"repeat","background-position":"center center","background-size":"auto","background-attachment":"scroll","background-type":"","background-media":"","overlay-type":"","overlay-color":"","overlay-gradient":""}},"ast-content-background-meta":{"desktop":{"background-color":"var(--ast-global-color-5)","background-image":"","background-repeat":"repeat","background-position":"center center","background-size":"auto","background-attachment":"scroll","background-type":"","background-media":"","overlay-type":"","overlay-color":"","overlay-gradient":""},"tablet":{"background-color":"var(--ast-global-color-5)","background-image":"","background-repeat":"repeat","background-position":"center center","background-size":"auto","background-attachment":"scroll","background-type":"","background-media":"","overlay-type":"","overlay-color":"","overlay-gradient":""},"mobile":{"background-color":"var(--ast-global-color-5)","background-image":"","background-repeat":"repeat","background-position":"center center","background-size":"auto","background-attachment":"scroll","background-type":"","background-media":"","overlay-type":"","overlay-color":"","overlay-gradient":""}},"footnotes":""},"class_list":["post-1248","page","type-page","status-publish","hentry"],"uagb_featured_image_src":{"full":false,"thumbnail":false,"medium":false,"medium_large":false,"large":false,"1536x1536":false,"2048x2048":false},"uagb_author_info":{"display_name":false,"author_link":"https:\/\/escolaparaisoinfantil.com.br\/?author=1"},"uagb_comment_info":0,"uagb_excerpt":null,"_links":{"self":[{"href":"https:\/\/escolaparaisoinfantil.com.br\/index.php?rest_route=\/wp\/v2\/pages\/1248","targetHints":{"allow":["GET"]}}],"collection":[{"href":"https:\/\/escolaparaisoinfantil.com.br\/index.php?rest_route=\/wp\/v2\/pages"}],"about":[{"href":"https:\/\/escolaparaisoinfantil.com.br\/index.php?rest_route=\/wp\/v2\/types\/page"}],"author":[{"embeddable":true,"href":"https:\/\/escolaparaisoinfantil.com.br\/index.php?rest_route=\/wp\/v2\/users\/1"}],"replies":[{"embeddable":true,"href":"https:\/\/escolaparaisoinfantil.com.br\/index.php?rest_route=%2Fwp%2Fv2%2Fcomments&post=1248"}],"version-history":[{"count":65,"href":"https:\/\/escolaparaisoinfantil.com.br\/index.php?rest_route=\/wp\/v2\/pages\/1248\/revisions"}],"predecessor-version":[{"id":2921,"href":"https:\/\/escolaparaisoinfantil.com.br\/index.php?rest_route=\/wp\/v2\/pages\/1248\/revisions\/2921"}],"wp:attachment":[{"href":"https:\/\/escolaparaisoinfantil.com.br\/index.php?rest_route=%2Fwp%2Fv2%2Fmedia&parent=1248"}],"curies":[{"name":"wp","href":"https:\/\/api.w.org\/{rel}","templated":true}]}}